{"id":957,"date":"2024-08-22T05:14:27","date_gmt":"2024-08-22T03:14:27","guid":{"rendered":"https:\/\/kultkalm.de\/?page_id=957"},"modified":"2024-09-27T18:04:16","modified_gmt":"2024-09-27T16:04:16","slug":"team","status":"publish","type":"page","link":"https:\/\/kultkalm.de\/index.php\/team\/","title":{"rendered":"About"},"content":{"rendered":"\n<div class=\"wp-block-group has-global-padding is-layout-constrained wp-block-group-is-layout-constrained\">\n<div style=\"height:21px\" aria-hidden=\"true\" class=\"wp-block-spacer\"><\/div>\n\n\n\n<p class=\"has-contrast-3-color has-text-color has-link-color wp-elements-b021556b1305ce1f3d035b74cd9c74d4\">Zwischen 2020 und 2022 hatte ich als Musiker, Sounddesigner und Tontechniker bei Streamings zwangsl\u00e4ufig mit Webseiten und der Technik dahinter zu tun, zur Dokumentation eines stipendiumfinanzierten Projektes habe ich 2021 meine erste einfache Webseite erstellt.<\/p>\n\n\n\n<div style=\"height:21px\" aria-hidden=\"true\" class=\"wp-block-spacer\"><\/div>\n\n\n\n<p class=\"has-contrast-3-color has-text-color has-link-color wp-elements-e2dd189e95caa4417755c880e905b3e4\">Weil h\u00e4ufig und kurzfristig Veranstaltungen abgesagt wurden und kein einziger mir bekannter Online-Veranstaltungskalender das zeitnah und verl\u00e4sslich abgebildet hat, entstand die DIY-Idee eines Kulturkalenders.<\/p>\n\n\n\n<div style=\"height:21px\" aria-hidden=\"true\" class=\"wp-block-spacer\"><\/div>\n\n\n\n<p class=\"has-contrast-3-color has-text-color has-link-color wp-elements-8d46f5e9a3a2a1bac7a39766adbf6c56\">Vorl\u00e4ufiges Resultat ist die hier vorgestellte Webseite in einer beta 0.99 Version. <\/p>\n\n\n\n<div style=\"height:21px\" aria-hidden=\"true\" class=\"wp-block-spacer\"><\/div>\n\n\n\n<p class=\"has-contrast-3-color has-text-color has-link-color wp-elements-094b6183db68aca5c46ada97d190248e\">Durch den direkten Zugriff von Veranstaltern und Kulturschaffenden als Autoren f\u00fcr Veranstaltungseintr\u00e4ge kann dieser Kulturkalender auch kurzfristige \u00c4nderungen und Aktualisierungen f\u00fcr Veranstaltungen abbilden.<\/p>\n\n\n\n<div style=\"height:21px\" aria-hidden=\"true\" class=\"wp-block-spacer\"><\/div>\n\n\n\n<p class=\"has-contrast-3-color has-text-color has-link-color wp-elements-a9efa5b037b52eacc6e337b63b45c0c4\">Auf kultkalm.de wird das Rad nicht neu erfunden: Die Webseite l\u00e4uft auf der Plattform WordPress mit den dort verf\u00fcgbaren Erweiterungen und Einschr\u00e4nkungen. Anders als die bekannten Verzeichnisse f\u00fcr Veranstaltungen soll diese Webseite ohne langes Suchen, Filtern und Klicken eine schnelle chronologische \u00dcbersicht \u00fcber bevorstehende Kulturveranstaltungen bieten.<\/p>\n\n\n\n<div style=\"height:21px\" aria-hidden=\"true\" class=\"wp-block-spacer\"><\/div>\n\n\n\n<p class=\"has-contrast-3-color has-text-color has-link-color wp-elements-43e4556f7140c6720618348b94b61ae3\">Wer das Projekt unterst\u00fctzen m\u00f6chte, verlinkt die Seite auf der eigenen Homepage, registriert sich als Veranstalter und tr\u00e4gt seine Veranstaltungen ein.<\/p>\n\n\n\n<div style=\"height:21px\" aria-hidden=\"true\" class=\"wp-block-spacer\"><\/div>\n\n\n\n<p class=\"has-contrast-3-color has-text-color has-link-color wp-elements-0bcb0fe76673547f44329c0fbe871e5c\">Jegliche verwendete Software ist Open-Source oder Freeware, die Kosten f\u00fcr das Hosting halten sich dadurch in Grenzen. Etwas Aufwand ist es dennoch und um das Projekt weiter zu entwickeln, nehme ich Spenden gerne an, die E-Mailadresse meines Paypal-Accounts oder meine Bankverbindung \u00fcbermittle ich auf Anfrage.<br><br>Die Bezeichnung &#8220;Kultkalm&#8221; ist ein Anagramm, das durch das Verquirlen der Begriffe &#8220;Kultur, Kalender, M\u00fcnster &amp; Kommentar&#8221; entstanden ist. Eine Kommentarfunktion einzubauen ist vorerst noch Zukunftsmusik, erst mal bleibt abzuwarten, wie dieses im Herbst 2024 vorgestellte Ger\u00fcst angenommen wird.<\/p>\n\n\n\n<div style=\"height:21px\" aria-hidden=\"true\" class=\"wp-block-spacer\"><\/div>\n\n\n\n<p class=\"has-contrast-3-color has-text-color has-link-color wp-elements-063848eebec3d68d4ed03ba7c6e18745\">Die Seite kultkalm.de ist ab Ende August 2024 zum Start der Spielzeit 2024\/2025 online.<\/p>\n\n\n\n<div style=\"height:21px\" aria-hidden=\"true\" class=\"wp-block-spacer\"><\/div>\n\n\n\n<p class=\"has-contrast-3-color has-text-color has-link-color wp-elements-9b26a7775e76f386556dcf516771a0c7\">Hirzel Hirzelnsen, 22. August 2024<\/p>\n<\/div>\n","protected":false},"excerpt":{"rendered":"<p>Zwischen 2020 und 2022 hatte ich als Musiker, Sounddesigner und Tontechniker bei Streamings zwangsl\u00e4ufig mit Webseiten und der Technik dahinter zu tun, zur Dokumentation eines stipendiumfinanzierten Projektes habe ich 2021 meine erste einfache Webseite erstellt. Weil h\u00e4ufig und kurzfristig Veranstaltungen abgesagt wurden und kein einziger mir bekannter Online-Veranstaltungskalender das zeitnah und verl\u00e4sslich abgebildet hat, entstand [&hellip;]<\/p>\n","protected":false},"author":2,"featured_media":0,"parent":0,"menu_order":0,"comment_status":"closed","ping_status":"closed","template":"","meta":{"footnotes":""},"class_list":["post-957","page","type-page","status-publish","hentry"],"_links":{"self":[{"href":"https:\/\/kultkalm.de\/index.php\/wp-json\/wp\/v2\/pages\/957","targetHints":{"allow":["GET"]}}],"collection":[{"href":"https:\/\/kultkalm.de\/index.php\/wp-json\/wp\/v2\/pages"}],"about":[{"href":"https:\/\/kultkalm.de\/index.php\/wp-json\/wp\/v2\/types\/page"}],"author":[{"embeddable":true,"href":"https:\/\/kultkalm.de\/index.php\/wp-json\/wp\/v2\/users\/2"}],"replies":[{"embeddable":true,"href":"https:\/\/kultkalm.de\/index.php\/wp-json\/wp\/v2\/comments?post=957"}],"version-history":[{"count":28,"href":"https:\/\/kultkalm.de\/index.php\/wp-json\/wp\/v2\/pages\/957\/revisions"}],"predecessor-version":[{"id":1240,"href":"https:\/\/kultkalm.de\/index.php\/wp-json\/wp\/v2\/pages\/957\/revisions\/1240"}],"wp:attachment":[{"href":"https:\/\/kultkalm.de\/index.php\/wp-json\/wp\/v2\/media?parent=957"}],"curies":[{"name":"wp","href":"https:\/\/api.w.org\/{rel}","templated":true}]}}