{"id":953,"date":"2024-08-22T05:09:44","date_gmt":"2024-08-22T03:09:44","guid":{"rendered":"https:\/\/kultkalm.de\/?page_id=953"},"modified":"2024-09-27T17:21:56","modified_gmt":"2024-09-27T15:21:56","slug":"allgemeine-geschaeftsbedingungen","status":"publish","type":"page","link":"https:\/\/kultkalm.de\/index.php\/allgemeine-geschaeftsbedingungen\/","title":{"rendered":"Allgemeine Gesch\u00e4ftsbedingungen"},"content":{"rendered":"\n<div style=\"height:31px\" aria-hidden=\"true\" class=\"wp-block-spacer\"><\/div>\n\n\n\n<p class=\"has-contrast-3-color has-text-color has-link-color wp-elements-7660bd00260a434e0bfdc3b8ff0dd580\">1. Die Webseite kultkalm.de ist ein kostenloser Online-Kulturkalender f\u00fcr M\u00fcnster\/Westfalen und Umland.<\/p>\n\n\n\n<div style=\"height:31px\" aria-hidden=\"true\" class=\"wp-block-spacer\"><\/div>\n\n\n\n<p class=\"has-contrast-3-color has-text-color has-link-color wp-elements-970f77a4cc0ab143a5e1cf0b55f73892\">2. Veranstalter und K\u00fcnstler k\u00f6nnen sich per Onlineformular registrieren und erhalten nach erfolgreicher Registrierung die M\u00f6glichkeit, Veranstaltungen mit Textbeschreibungen und Bild zu erstellen, die \u00f6ffentlich auf der Webseite zug\u00e4nglich gemacht werden. <\/p>\n\n\n\n<div style=\"height:31px\" aria-hidden=\"true\" class=\"wp-block-spacer\"><\/div>\n\n\n\n<p class=\"has-contrast-3-color has-text-color has-link-color wp-elements-a5002864fb9719b8c7e6e5e55c14c083\">3. Mit dem Upload von Texten und Bildern erkl\u00e4rt der Nutzer der Webseite die Nutzungs- und Urheberrechte der ver\u00f6ffentlichten Bilder und Texte zu besitzen oder vom Urheber \u00fcbertragen bekommen zu haben. Bildnachweise sind, falls erforderlich, im Beschreibungstext zur Veranstaltung zu hinterlegen. Die Webseite kultkalm.de haftet nicht f\u00fcr etwaige Verletzungen von Urheberrechten und Leistungsschutzrechten durch registrierte Nutzer der Webseite. <\/p>\n\n\n\n<div style=\"height:31px\" aria-hidden=\"true\" class=\"wp-block-spacer\"><\/div>\n\n\n\n<p class=\"has-contrast-3-color has-text-color has-link-color wp-elements-07a8843ad8e754ac20a578a65b8df77c\">4. \u00c4nderungen der Gesch\u00e4ftsbedingungen werden registrierten Nutzern per Email mitgeteilt.<\/p>\n\n\n\n<div style=\"height:31px\" aria-hidden=\"true\" class=\"wp-block-spacer\"><\/div>\n\n\n\n<p class=\"has-contrast-3-color has-text-color has-link-color wp-elements-0dfe6c68dab5ad537f240e1496e04602\">5. Es besteht kein Rechtsanspruch auf Zuteilung eines Nutzerkontos (Veranstalter-Account) und f\u00fcr registrierte Benutzer der Webseite kein Rechtsanspruch auf Ver\u00f6ffentlichung eingereichter Veranstaltungen. Beantragte Nutzerkonten und eingereichte Veranstaltungen k\u00f6nnen ohne Angabe von Gr\u00fcnden abgelehnt werden. <\/p>\n\n\n\n<div style=\"height:31px\" aria-hidden=\"true\" class=\"wp-block-spacer\"><\/div>\n\n\n\n<p class=\"has-contrast-3-color has-text-color has-link-color wp-elements-afc95b9f32be8e4f9fe21c4dbf79dddb\">6. Die Webseite kultkalm.de haftet nicht f\u00fcr fehlerhafte Informationen zu Veranstaltungen, jegliche Veranstaltungsinformationen werden von den Veranstaltern selbst gepflegt.<br> <br>Diese AGB gelten ab dem 22.08.2024.<\/p>\n\n\n\n<div style=\"height:31px\" aria-hidden=\"true\" class=\"wp-block-spacer\"><\/div>\n\n\n\n<p class=\"has-contrast-3-color has-text-color has-link-color wp-elements-39eaf62ea0e3dead5f191adfecdbfc82\"><\/p>\n\n\n\n<div style=\"height:31px\" aria-hidden=\"true\" class=\"wp-block-spacer\"><\/div>\n\n\n\n<p><\/p>\n","protected":false},"excerpt":{"rendered":"<p>1. Die Webseite kultkalm.de ist ein kostenloser Online-Kulturkalender f\u00fcr M\u00fcnster\/Westfalen und Umland. 2. Veranstalter und K\u00fcnstler k\u00f6nnen sich per Onlineformular registrieren und erhalten nach erfolgreicher Registrierung die M\u00f6glichkeit, Veranstaltungen mit Textbeschreibungen und Bild zu erstellen, die \u00f6ffentlich auf der Webseite zug\u00e4nglich gemacht werden. 3. Mit dem Upload von Texten und Bildern erkl\u00e4rt der Nutzer der [&hellip;]<\/p>\n","protected":false},"author":2,"featured_media":0,"parent":0,"menu_order":0,"comment_status":"closed","ping_status":"closed","template":"","meta":{"footnotes":""},"class_list":["post-953","page","type-page","status-publish","hentry"],"_links":{"self":[{"href":"https:\/\/kultkalm.de\/index.php\/wp-json\/wp\/v2\/pages\/953","targetHints":{"allow":["GET"]}}],"collection":[{"href":"https:\/\/kultkalm.de\/index.php\/wp-json\/wp\/v2\/pages"}],"about":[{"href":"https:\/\/kultkalm.de\/index.php\/wp-json\/wp\/v2\/types\/page"}],"author":[{"embeddable":true,"href":"https:\/\/kultkalm.de\/index.php\/wp-json\/wp\/v2\/users\/2"}],"replies":[{"embeddable":true,"href":"https:\/\/kultkalm.de\/index.php\/wp-json\/wp\/v2\/comments?post=953"}],"version-history":[{"count":4,"href":"https:\/\/kultkalm.de\/index.php\/wp-json\/wp\/v2\/pages\/953\/revisions"}],"predecessor-version":[{"id":1231,"href":"https:\/\/kultkalm.de\/index.php\/wp-json\/wp\/v2\/pages\/953\/revisions\/1231"}],"wp:attachment":[{"href":"https:\/\/kultkalm.de\/index.php\/wp-json\/wp\/v2\/media?parent=953"}],"curies":[{"name":"wp","href":"https:\/\/api.w.org\/{rel}","templated":true}]}}