{"id":37,"date":"2024-07-25T13:57:09","date_gmt":"2024-07-25T13:57:09","guid":{"rendered":"https:\/\/kultkalm.de\/?page_id=37"},"modified":"2024-09-27T19:25:53","modified_gmt":"2024-09-27T17:25:53","slug":"veranstalterbereich","status":"publish","type":"page","link":"https:\/\/kultkalm.de\/index.php\/veranstalterbereich\/","title":{"rendered":"Veranstalterbereich"},"content":{"rendered":"\n<div class=\"wp-block-group has-global-padding is-layout-constrained wp-container-core-group-is-layout-648b1458 wp-block-group-is-layout-constrained\">\n<div class=\"wp-block-group has-global-padding is-layout-constrained wp-container-core-group-is-layout-ce94d2ff wp-block-group-is-layout-constrained\">\n<p style=\"font-size:clamp(14.642px, 0.915rem + ((1vw - 3.2px) * 0.766), 22px);\"><a href=\"https:\/\/kultkalm.de\/index.php\/register\/\" data-type=\"page\" data-id=\"432\">Account registrieren<\/a><\/p>\n\n\n\n<p style=\"font-size:clamp(14.642px, 0.915rem + ((1vw - 3.2px) * 0.766), 22px);\"><a href=\"https:\/\/kultkalm.de\/index.php\/login\/\" data-type=\"page\" data-id=\"431\">Login<\/a><\/p>\n\n\n\n<p style=\"font-size:clamp(14.642px, 0.915rem + ((1vw - 3.2px) * 0.766), 22px);\"><a href=\"https:\/\/kultkalm.de\/index.php\/logout\/\" data-type=\"page\" data-id=\"434\">Logout<\/a><\/p>\n\n\n\n<p style=\"font-size:clamp(14.642px, 0.915rem + ((1vw - 3.2px) * 0.766), 22px);\"><a href=\"https:\/\/kultkalm.de\/index.php\/password-reset\/\" data-type=\"page\" data-id=\"436\">Passwort zur\u00fccksetzen<\/a><\/p>\n\n\n\n<p style=\"font-size:clamp(14.642px, 0.915rem + ((1vw - 3.2px) * 0.766), 22px);\"><a href=\"https:\/\/kultkalm.de\/index.php\/veranstalterbereich\/veranstaltung-registrieren-oder-aktualisieren\/\" data-type=\"page\" data-id=\"48\">Veranstaltung registrieren<\/a><\/p>\n<\/div>\n\n\n\n<div style=\"height:32px\" aria-hidden=\"true\" class=\"wp-block-spacer\"><\/div>\n\n\n\n<div class=\"wp-block-group is-vertical is-content-justification-center is-layout-flex wp-container-core-group-is-layout-ce155fab wp-block-group-is-layout-flex\">\n<p class=\"has-text-align-left has-contrast-3-color has-text-color has-link-color wp-elements-8462a6a0489049b8f95f745ec755f030\"><br>Die Registrierung eines Veranstalter-Accounts wird \u00fcber die Absenderadresse buero@kultkalm.de best\u00e4tigt, bitte diese Adresse im Spamfilter whitelisten oder nach der Registrierung im Spamordner nachsehen . <br><br>Nach erfolgreicher und best\u00e4tigter Registrierung meldet man sich per <a href=\"https:\/\/kultkalm.de\/index.php\/login\/\">Login<\/a> beim User-Account an, weiter geht es dann \u00fcber <a href=\"https:\/\/kultkalm.de\/index.php\/veranstalterbereich\/veranstaltung-registrieren-oder-aktualisieren\/\" data-type=\"link\" data-id=\"https:\/\/kultkalm.de\/index.php\/veranstalterbereich\/veranstaltung-registrieren-oder-aktualisieren\/\">diesen Link <\/a>oder den Untermen\u00fceintrag &#8220;Veranstaltung registrieren oder Aktualisieren&#8221; oben rechts.<br><br>Hier sollte dann eine \u00dcbersicht \u00fcber bereits erstellte Veranstaltungen zu sehen sein, die man per Klick ausw\u00e4hlen und aktualisieren oder \u00fcber das mittig angezeigte Pluszeichen kopieren und danach editieren kann.<br><br>Einen neuen Veranstaltungseintrag erstellt man per Klick auf den Button &#8220;Hinzuf\u00fcgen&#8221; oben rechts, im Formular zur Veranstaltung bitte beachten:<br><br>DATUMSBEREICH<br>Doppelklick auf ein Datum im Kalender erzeugt einen einzelnen Termineintrag, alternativ ist die Wahl eines Datumsbereichs per Klick auf die Eck-Tage oder aufziehen eines Datumsbereiches mit gehaltener Maustaste m\u00f6glich.<br><br>UHRZEIT<br>Es reicht aus, eine Uhrzeit f\u00fcr den Veranstaltungsbeginn einzutragen, \u00fcber diese Uhrzeit wird die Auflistung der Veranstaltungen in der Listenansicht gesteuert, eine Uhrzeit f\u00fcr das Veranstaltungsende ist rein informativ und hat keine Auswirkung auf die Darstellung in der Veranstaltungsliste. Falls keine Uhrzeit f\u00fcr das Veranstaltungsende eingetragen wird, entsteht in dem Feld automatisch ein Eintrag, der gleich der Startzeit ist. <br><br>VERANSTALTUNGSORT<br>Ein neuer Veranstaltungsort kann mit einer Veranstaltung eingetragen werden, bereits vorliegende Eintr\u00e4ge f\u00fcr Veranstaltungsorte kann man ausw\u00e4hlen, siehe Erl\u00e4uterung im Formular.<br>Bilder f\u00fcr Veranstaltungsorte (quadratisch (1:1), maximal 700 x 700 Pixel und 250 kB ) bitte per Mail an buero@kultkalm.de schicken.<br><br>ADRESSE<br>in diesem Feld nach dem Muster &#8220;Strasse&#8221; &#8220;Hausnummer&#8221; die Adresse eintragen.<br><br>ORT <br>in diesem Feld nach dem Muster &#8220;Postleitzahl&#8221; &#8220;Ort&#8221; die Adresse eintragen.<br><br>DETAILS<br>im Textfeld zur Veranstaltungsbeschreibung ist abweichen von der angezeigten Info kein HTML m\u00f6glich.<br><br>KATEGORIE<br>Bitte eine Kategorie aus der in alphabetischer Ordnung aufgelisteten Kategorieliste ausw\u00e4hlen, falls hier noch etwas fehlen sollte, bitte melden, neue Kategorien erstelle ich auf Wunsch. <br><br>BILD<br>Falls kein Bild (quadratisch (1:1), maximal 700 x 700 Pixel und 250 kB ) hochgeladen wird, wir bei der Veranstaltung ein Standardbild mit dem Text &#8220;Zu dieser Veranstaltung liegt noch kein Bild vor&#8221; angezeigt. <br><br><\/p>\n<\/div>\n<\/div>\n","protected":false},"excerpt":{"rendered":"<p>Account registrieren Login Logout Passwort zur\u00fccksetzen Veranstaltung registrieren Die Registrierung eines Veranstalter-Accounts wird \u00fcber die Absenderadresse buero@kultkalm.de best\u00e4tigt, bitte diese Adresse im Spamfilter whitelisten oder nach der Registrierung im Spamordner nachsehen . Nach erfolgreicher und best\u00e4tigter Registrierung meldet man sich per Login beim User-Account an, weiter geht es dann \u00fcber diesen Link oder den Untermen\u00fceintrag [&hellip;]<\/p>\n","protected":false},"author":1,"featured_media":0,"parent":0,"menu_order":0,"comment_status":"closed","ping_status":"closed","template":"","meta":{"footnotes":""},"class_list":["post-37","page","type-page","status-publish","hentry"],"_links":{"self":[{"href":"https:\/\/kultkalm.de\/index.php\/wp-json\/wp\/v2\/pages\/37","targetHints":{"allow":["GET"]}}],"collection":[{"href":"https:\/\/kultkalm.de\/index.php\/wp-json\/wp\/v2\/pages"}],"about":[{"href":"https:\/\/kultkalm.de\/index.php\/wp-json\/wp\/v2\/types\/page"}],"author":[{"embeddable":true,"href":"https:\/\/kultkalm.de\/index.php\/wp-json\/wp\/v2\/users\/1"}],"replies":[{"embeddable":true,"href":"https:\/\/kultkalm.de\/index.php\/wp-json\/wp\/v2\/comments?post=37"}],"version-history":[{"count":18,"href":"https:\/\/kultkalm.de\/index.php\/wp-json\/wp\/v2\/pages\/37\/revisions"}],"predecessor-version":[{"id":1242,"href":"https:\/\/kultkalm.de\/index.php\/wp-json\/wp\/v2\/pages\/37\/revisions\/1242"}],"wp:attachment":[{"href":"https:\/\/kultkalm.de\/index.php\/wp-json\/wp\/v2\/media?parent=37"}],"curies":[{"name":"wp","href":"https:\/\/api.w.org\/{rel}","templated":true}]}}